{"id":2153,"date":"2024-09-19T12:35:24","date_gmt":"2024-09-19T12:35:24","guid":{"rendered":"https:\/\/plug.rent\/?post_type=product&#038;p=2153"},"modified":"2025-08-02T17:41:35","modified_gmt":"2025-08-02T17:41:35","slug":"plug-rent-opal","status":"publish","type":"product","link":"https:\/\/plug.rent\/en\/product\/plug-rent-opal\/","title":{"rendered":"Plug.rent Opal &#8211; 7kW | 11kW | 22kW"},"content":{"rendered":"<p>Istra\u017eite Plug.rent\u00a0 Opal punionicu, jednostavno, sigurno i pametno rje\u0161enje za ku\u0107no punjenje sa zna\u010dajkama uklju\u010duju\u0107i LED indikator statusa, RFID autentifikaciju i daljinsko upravljanje putem WiFi aplikacije.<\/p>","protected":false},"excerpt":{"rendered":"<p>Plug.rent\u00a0 &#8211; Opal nudi maksimalnu svestranost s ugra\u0111enom uti\u010dnicom tipa 2, spremnom za potrebe punjenja EV u svim situacijama s otporno\u0161\u0107u na vremenske uvjete, RFID otklju\u010davanjem i pametnom kontrolom WiFi aplikacije.<\/p>\n<p>Zna\u010dajke:<\/p>\n<p>Maksimalna snaga 7kW, 32A, | 11kW 16A | 22kW 32A<\/p>\n<p>Uti\u010dnica za punjenje tipa 2<br \/>\nPodr\u0161ka za RFID autentifikaciju<br \/>\nLED indikator punjenja u 3 boje<br \/>\nUdaljeni WiFi pristup aplikaciji<br \/>\nIP54 ocijenjena za\u0161tita od pra\u0161ine\/vode<\/p>\n<p>&nbsp;<\/p>","protected":false},"featured_media":2112,"comment_status":"open","ping_status":"closed","template":"","meta":{"site-sidebar-layout":"default","site-content-layout":"","ast-site-content-layout":"default","site-content-style":"default","site-sidebar-style":"default","ast-global-header-display":"","ast-banner-title-visibility":"","ast-main-header-display":"","ast-hfb-above-header-display":"","ast-hfb-below-header-display":"","ast-hfb-mobile-header-display":"","site-post-title":"","ast-breadcrumbs-content":"","ast-featured-img":"","footer-sml-layout":"","ast-disable-related-posts":"","theme-transparent-header-meta":"default","adv-header-id-meta":"","stick-header-meta":"","header-above-stick-meta":"","header-main-stick-meta":"","header-below-stick-meta":"","astra-migrate-meta-layouts":"set","ast-page-background-enabled":"default","ast-page-background-meta":{"desktop":{"background-color":"var(--ast-global-color-5)","background-image":"","background-repeat":"repeat","background-position":"center center","background-size":"auto","background-attachment":"scroll","background-type":"","background-media":"","overlay-type":"","overlay-color":"","overlay-opacity":"","overlay-gradient":""},"tablet":{"background-color":"","background-image":"","background-repeat":"repeat","background-position":"center center","background-size":"auto","background-attachment":"scroll","background-type":"","background-media":"","overlay-type":"","overlay-color":"","overlay-opacity":"","overlay-gradient":""},"mobile":{"background-color":"","background-image":"","background-repeat":"repeat","background-position":"center center","background-size":"auto","background-attachment":"scroll","background-type":"","background-media":"","overlay-type":"","overlay-color":"","overlay-opacity":"","overlay-gradient":""}},"ast-content-background-meta":{"desktop":{"background-color":"var(--ast-global-color-4)","background-image":"","background-repeat":"repeat","background-position":"center center","background-size":"auto","background-attachment":"scroll","background-type":"","background-media":"","overlay-type":"","overlay-color":"","overlay-opacity":"","overlay-gradient":""},"tablet":{"background-color":"var(--ast-global-color-4)","background-image":"","background-repeat":"repeat","background-position":"center center","background-size":"auto","background-attachment":"scroll","background-type":"","background-media":"","overlay-type":"","overlay-color":"","overlay-opacity":"","overlay-gradient":""},"mobile":{"background-color":"var(--ast-global-color-4)","background-image":"","background-repeat":"repeat","background-position":"center center","background-size":"auto","background-attachment":"scroll","background-type":"","background-media":"","overlay-type":"","overlay-color":"","overlay-opacity":"","overlay-gradient":""}}},"product_brand":[],"product_cat":[19],"product_tag":[],"class_list":{"0":"post-2153","1":"product","2":"type-product","3":"status-publish","4":"has-post-thumbnail","6":"product_cat-ac-punionice","7":"desktop-align-left","8":"tablet-align-left","9":"mobile-align-left","11":"first","12":"instock","13":"taxable","14":"shipping-taxable","15":"purchasable","16":"product-type-variable"},"yoast_head":"<!-- This site is optimized with the Yoast SEO Premium plugin v23.5 (Yoast SEO v27.4) - https:\/\/yoast.com\/product\/yoast-seo-premium-wordpress\/ -->\n<title>Plug.rent Opal - 7kW | 11kW | 22kW - Plug.rent<\/title>\n<meta name=\"description\" content=\"Istra\u017eite Plug.rent\u00a0 Opal punionicu, jednostavno, sigurno i pametno rje\u0161enje za ku\u0107no punjenje sa zna\u010dajkama uklju\u010duju\u0107i LED indikator statusa, RFID autentifikaciju i daljinsko upravljanje putem WiFi aplikacije.\" \/>\n<meta name=\"robots\" content=\"index, follow, max-snippet:-1, max-image-preview:large, max-video-preview:-1\" \/>\n<link rel=\"canonical\" href=\"https:\/\/plug.rent\/en\/product\/plug-rent-opal\/\" \/>\n<meta property=\"og:locale\" content=\"en_GB\" \/>\n<meta property=\"og:type\" content=\"article\" \/>\n<meta property=\"og:title\" content=\"Plug.rent Opal - 7kW | 11kW | 22kW\" \/>\n<meta property=\"og:description\" content=\"Istra\u017eite Plug.rent\u00a0 Opal punionicu, jednostavno, sigurno i pametno rje\u0161enje za ku\u0107no punjenje sa zna\u010dajkama uklju\u010duju\u0107i LED indikator statusa, RFID autentifikaciju i daljinsko upravljanje putem WiFi aplikacije.\" \/>\n<meta property=\"og:url\" content=\"https:\/\/plug.rent\/en\/product\/plug-rent-opal\/\" \/>\n<meta property=\"og:site_name\" content=\"Plug.rent\" \/>\n<meta property=\"article:publisher\" content=\"https:\/\/fb.com\/plug.rent\" \/>\n<meta property=\"article:modified_time\" content=\"2025-08-02T17:41:35+00:00\" \/>\n<meta property=\"og:image\" content=\"https:\/\/plug.rent\/wp-content\/uploads\/2024\/09\/5abb682a-beba-46f8-a7d3-67af15b64cbd.png\" \/>\n\t<meta property=\"og:image:width\" content=\"1600\" \/>\n\t<meta property=\"og:image:height\" content=\"1167\" \/>\n\t<meta property=\"og:image:type\" content=\"image\/png\" \/>\n<meta name=\"twitter:card\" content=\"summary_large_image\" \/>\n<meta name=\"twitter:label1\" content=\"Estimated reading time\" \/>\n\t<meta name=\"twitter:data1\" content=\"1 minute\" \/>\n<script type=\"application\/ld+json\" class=\"yoast-schema-graph\">{\"@context\":\"https:\\\/\\\/schema.org\",\"@graph\":[{\"@type\":\"WebPage\",\"@id\":\"https:\\\/\\\/plug.rent\\\/proizvod\\\/plug-rent-opal\\\/\",\"url\":\"https:\\\/\\\/plug.rent\\\/proizvod\\\/plug-rent-opal\\\/\",\"name\":\"Plug.rent Opal - 7kW | 11kW | 22kW - Plug.rent\",\"isPartOf\":{\"@id\":\"https:\\\/\\\/plug.rent\\\/#website\"},\"primaryImageOfPage\":{\"@id\":\"https:\\\/\\\/plug.rent\\\/proizvod\\\/plug-rent-opal\\\/#primaryimage\"},\"image\":{\"@id\":\"https:\\\/\\\/plug.rent\\\/proizvod\\\/plug-rent-opal\\\/#primaryimage\"},\"thumbnailUrl\":\"https:\\\/\\\/plug.rent\\\/wp-content\\\/uploads\\\/2024\\\/09\\\/5abb682a-beba-46f8-a7d3-67af15b64cbd.png\",\"datePublished\":\"2024-09-19T12:35:24+00:00\",\"dateModified\":\"2025-08-02T17:41:35+00:00\",\"description\":\"Istra\u017eite Plug.rent\u00a0 Opal punionicu, jednostavno, sigurno i pametno rje\u0161enje za ku\u0107no punjenje sa zna\u010dajkama uklju\u010duju\u0107i LED indikator statusa, RFID autentifikaciju i daljinsko upravljanje putem WiFi aplikacije.\",\"breadcrumb\":{\"@id\":\"https:\\\/\\\/plug.rent\\\/proizvod\\\/plug-rent-opal\\\/#breadcrumb\"},\"inLanguage\":\"en-GB\",\"potentialAction\":[{\"@type\":\"ReadAction\",\"target\":[\"https:\\\/\\\/plug.rent\\\/proizvod\\\/plug-rent-opal\\\/\"]}]},{\"@type\":\"ImageObject\",\"inLanguage\":\"en-GB\",\"@id\":\"https:\\\/\\\/plug.rent\\\/proizvod\\\/plug-rent-opal\\\/#primaryimage\",\"url\":\"https:\\\/\\\/plug.rent\\\/wp-content\\\/uploads\\\/2024\\\/09\\\/5abb682a-beba-46f8-a7d3-67af15b64cbd.png\",\"contentUrl\":\"https:\\\/\\\/plug.rent\\\/wp-content\\\/uploads\\\/2024\\\/09\\\/5abb682a-beba-46f8-a7d3-67af15b64cbd.png\",\"width\":1600,\"height\":1167},{\"@type\":\"BreadcrumbList\",\"@id\":\"https:\\\/\\\/plug.rent\\\/proizvod\\\/plug-rent-opal\\\/#breadcrumb\",\"itemListElement\":[{\"@type\":\"ListItem\",\"position\":1,\"name\":\"Po\u010detna stranica\",\"item\":\"https:\\\/\\\/plug.rent\\\/\"},{\"@type\":\"ListItem\",\"position\":2,\"name\":\"Trgovina\",\"item\":\"https:\\\/\\\/plug.rent\\\/trgovina\\\/\"},{\"@type\":\"ListItem\",\"position\":3,\"name\":\"Plug.rent Opal &#8211; 7kW | 11kW | 22kW\"}]},{\"@type\":\"WebSite\",\"@id\":\"https:\\\/\\\/plug.rent\\\/#website\",\"url\":\"https:\\\/\\\/plug.rent\\\/\",\"name\":\"Plug.rent\",\"description\":\"\",\"publisher\":{\"@id\":\"https:\\\/\\\/plug.rent\\\/#organization\"},\"alternateName\":\"Punionice za elektri\u010dna vozila & sustav naplate Plug.rent\",\"potentialAction\":[{\"@type\":\"SearchAction\",\"target\":{\"@type\":\"EntryPoint\",\"urlTemplate\":\"https:\\\/\\\/plug.rent\\\/?s={search_term_string}\"},\"query-input\":{\"@type\":\"PropertyValueSpecification\",\"valueRequired\":true,\"valueName\":\"search_term_string\"}}],\"inLanguage\":\"en-GB\"},{\"@type\":\"Organization\",\"@id\":\"https:\\\/\\\/plug.rent\\\/#organization\",\"name\":\"Plug.rent\",\"url\":\"https:\\\/\\\/plug.rent\\\/\",\"logo\":{\"@type\":\"ImageObject\",\"inLanguage\":\"en-GB\",\"@id\":\"https:\\\/\\\/plug.rent\\\/#\\\/schema\\\/logo\\\/image\\\/\",\"url\":\"https:\\\/\\\/plug.rent\\\/wp-content\\\/uploads\\\/2024\\\/09\\\/plug_rent.png\",\"contentUrl\":\"https:\\\/\\\/plug.rent\\\/wp-content\\\/uploads\\\/2024\\\/09\\\/plug_rent.png\",\"width\":1563,\"height\":1563,\"caption\":\"Plug.rent\"},\"image\":{\"@id\":\"https:\\\/\\\/plug.rent\\\/#\\\/schema\\\/logo\\\/image\\\/\"},\"sameAs\":[\"https:\\\/\\\/fb.com\\\/plug.rent\"],\"email\":\"info@plug.rent\",\"telephone\":\"+385953635343\",\"legalName\":\"Iovia Aero d.o.o.\"}]}<\/script>\n<!-- \/ Yoast SEO Premium plugin. -->","yoast_head_json":{"title":"Plug.rent Opal - 7kW | 11kW | 22kW - Plug.rent","description":"Istra\u017eite Plug.rent\u00a0 Opal punionicu, jednostavno, sigurno i pametno rje\u0161enje za ku\u0107no punjenje sa zna\u010dajkama uklju\u010duju\u0107i LED indikator statusa, RFID autentifikaciju i daljinsko upravljanje putem WiFi aplikacije.","robots":{"index":"index","follow":"follow","max-snippet":"max-snippet:-1","max-image-preview":"max-image-preview:large","max-video-preview":"max-video-preview:-1"},"canonical":"https:\/\/plug.rent\/en\/product\/plug-rent-opal\/","og_locale":"en_GB","og_type":"article","og_title":"Plug.rent Opal - 7kW | 11kW | 22kW","og_description":"Istra\u017eite Plug.rent\u00a0 Opal punionicu, jednostavno, sigurno i pametno rje\u0161enje za ku\u0107no punjenje sa zna\u010dajkama uklju\u010duju\u0107i LED indikator statusa, RFID autentifikaciju i daljinsko upravljanje putem WiFi aplikacije.","og_url":"https:\/\/plug.rent\/en\/product\/plug-rent-opal\/","og_site_name":"Plug.rent","article_publisher":"https:\/\/fb.com\/plug.rent","article_modified_time":"2025-08-02T17:41:35+00:00","og_image":[{"width":1600,"height":1167,"url":"https:\/\/plug.rent\/wp-content\/uploads\/2024\/09\/5abb682a-beba-46f8-a7d3-67af15b64cbd.png","type":"image\/png"}],"twitter_card":"summary_large_image","twitter_misc":{"Estimated reading time":"1 minute"},"schema":{"@context":"https:\/\/schema.org","@graph":[{"@type":"WebPage","@id":"https:\/\/plug.rent\/proizvod\/plug-rent-opal\/","url":"https:\/\/plug.rent\/proizvod\/plug-rent-opal\/","name":"Plug.rent Opal - 7kW | 11kW | 22kW - Plug.rent","isPartOf":{"@id":"https:\/\/plug.rent\/#website"},"primaryImageOfPage":{"@id":"https:\/\/plug.rent\/proizvod\/plug-rent-opal\/#primaryimage"},"image":{"@id":"https:\/\/plug.rent\/proizvod\/plug-rent-opal\/#primaryimage"},"thumbnailUrl":"https:\/\/plug.rent\/wp-content\/uploads\/2024\/09\/5abb682a-beba-46f8-a7d3-67af15b64cbd.png","datePublished":"2024-09-19T12:35:24+00:00","dateModified":"2025-08-02T17:41:35+00:00","description":"Istra\u017eite Plug.rent\u00a0 Opal punionicu, jednostavno, sigurno i pametno rje\u0161enje za ku\u0107no punjenje sa zna\u010dajkama uklju\u010duju\u0107i LED indikator statusa, RFID autentifikaciju i daljinsko upravljanje putem WiFi aplikacije.","breadcrumb":{"@id":"https:\/\/plug.rent\/proizvod\/plug-rent-opal\/#breadcrumb"},"inLanguage":"en-GB","potentialAction":[{"@type":"ReadAction","target":["https:\/\/plug.rent\/proizvod\/plug-rent-opal\/"]}]},{"@type":"ImageObject","inLanguage":"en-GB","@id":"https:\/\/plug.rent\/proizvod\/plug-rent-opal\/#primaryimage","url":"https:\/\/plug.rent\/wp-content\/uploads\/2024\/09\/5abb682a-beba-46f8-a7d3-67af15b64cbd.png","contentUrl":"https:\/\/plug.rent\/wp-content\/uploads\/2024\/09\/5abb682a-beba-46f8-a7d3-67af15b64cbd.png","width":1600,"height":1167},{"@type":"BreadcrumbList","@id":"https:\/\/plug.rent\/proizvod\/plug-rent-opal\/#breadcrumb","itemListElement":[{"@type":"ListItem","position":1,"name":"Po\u010detna stranica","item":"https:\/\/plug.rent\/"},{"@type":"ListItem","position":2,"name":"Trgovina","item":"https:\/\/plug.rent\/trgovina\/"},{"@type":"ListItem","position":3,"name":"Plug.rent Opal &#8211; 7kW | 11kW | 22kW"}]},{"@type":"WebSite","@id":"https:\/\/plug.rent\/#website","url":"https:\/\/plug.rent\/","name":"Plug.rent","description":"","publisher":{"@id":"https:\/\/plug.rent\/#organization"},"alternateName":"Punionice za elektri\u010dna vozila & sustav naplate Plug.rent","potentialAction":[{"@type":"SearchAction","target":{"@type":"EntryPoint","urlTemplate":"https:\/\/plug.rent\/?s={search_term_string}"},"query-input":{"@type":"PropertyValueSpecification","valueRequired":true,"valueName":"search_term_string"}}],"inLanguage":"en-GB"},{"@type":"Organization","@id":"https:\/\/plug.rent\/#organization","name":"Plug.rent","url":"https:\/\/plug.rent\/","logo":{"@type":"ImageObject","inLanguage":"en-GB","@id":"https:\/\/plug.rent\/#\/schema\/logo\/image\/","url":"https:\/\/plug.rent\/wp-content\/uploads\/2024\/09\/plug_rent.png","contentUrl":"https:\/\/plug.rent\/wp-content\/uploads\/2024\/09\/plug_rent.png","width":1563,"height":1563,"caption":"Plug.rent"},"image":{"@id":"https:\/\/plug.rent\/#\/schema\/logo\/image\/"},"sameAs":["https:\/\/fb.com\/plug.rent"],"email":"info@plug.rent","telephone":"+385953635343","legalName":"Iovia Aero d.o.o."}]}},"_links":{"self":[{"href":"https:\/\/plug.rent\/en\/wp-json\/wp\/v2\/product\/2153","targetHints":{"allow":["GET"]}}],"collection":[{"href":"https:\/\/plug.rent\/en\/wp-json\/wp\/v2\/product"}],"about":[{"href":"https:\/\/plug.rent\/en\/wp-json\/wp\/v2\/types\/product"}],"replies":[{"embeddable":true,"href":"https:\/\/plug.rent\/en\/wp-json\/wp\/v2\/comments?post=2153"}],"wp:featuredmedia":[{"embeddable":true,"href":"https:\/\/plug.rent\/en\/wp-json\/wp\/v2\/media\/2112"}],"wp:attachment":[{"href":"https:\/\/plug.rent\/en\/wp-json\/wp\/v2\/media?parent=2153"}],"wp:term":[{"taxonomy":"product_brand","embeddable":true,"href":"https:\/\/plug.rent\/en\/wp-json\/wp\/v2\/product_brand?post=2153"},{"taxonomy":"product_cat","embeddable":true,"href":"https:\/\/plug.rent\/en\/wp-json\/wp\/v2\/product_cat?post=2153"},{"taxonomy":"product_tag","embeddable":true,"href":"https:\/\/plug.rent\/en\/wp-json\/wp\/v2\/product_tag?post=2153"}],"curies":[{"name":"wp","href":"https:\/\/api.w.org\/{rel}","templated":true}]}}